{"id":27,"date":"2020-09-11T08:45:43","date_gmt":"2020-09-11T08:45:43","guid":{"rendered":"https:\/\/mora.ganil-spiral2.eu\/?page_id=27"},"modified":"2025-01-28T11:08:04","modified_gmt":"2025-01-28T11:08:04","slug":"outreach","status":"publish","type":"page","link":"https:\/\/mora.ganil-spiral2.eu\/?page_id=27","title":{"rendered":"Outreach"},"content":{"rendered":"\t\t<div data-elementor-type=\"wp-page\" data-elementor-id=\"27\" class=\"elementor elementor-27\">\n\t\t\t\t\t\t<div class=\"elementor-inner\">\n\t\t\t\t<div class=\"elementor-section-wrap\">\n\t\t\t\t\t\t\t\t\t<section class=\"elementor-section elementor-top-section elementor-element elementor-element-580e632 elementor-section-boxed elementor-section-height-default elementor-section-height-default\" data-id=\"580e632\" data-element_type=\"section\">\n\t\t\t\t\t\t<div class=\"elementor-container elementor-column-gap-default\">\n\t\t\t\t\t\t\t<div class=\"elementor-row\">\n\t\t\t\t\t<div class=\"elementor-column elementor-col-100 elementor-top-column elementor-element elementor-element-f05b213\" data-id=\"f05b213\" data-element_type=\"column\">\n\t\t\t<div class=\"elementor-column-wrap elementor-element-populated\">\n\t\t\t\t\t\t\t<div class=\"elementor-widget-wrap\">\n\t\t\t\t\t\t<div class=\"elementor-element elementor-element-271c943 elementor-widget elementor-widget-heading\" data-id=\"271c943\" data-element_type=\"widget\" data-widget_type=\"heading.default\">\n\t\t\t\t<div class=\"elementor-widget-container\">\n\t\t\t<h2 class=\"elementor-heading-title elementor-size-default\">International MORA workshop<\/h2>\t\t<\/div>\n\t\t\t\t<\/div>\n\t\t\t\t\t\t<\/div>\n\t\t\t\t\t<\/div>\n\t\t<\/div>\n\t\t\t\t\t\t\t\t<\/div>\n\t\t\t\t\t<\/div>\n\t\t<\/section>\n\t\t\t\t<section class=\"elementor-section elementor-top-section elementor-element elementor-element-891ad40 elementor-section-boxed elementor-section-height-default elementor-section-height-default\" data-id=\"891ad40\" data-element_type=\"section\">\n\t\t\t\t\t\t<div class=\"elementor-container elementor-column-gap-default\">\n\t\t\t\t\t\t\t<div class=\"elementor-row\">\n\t\t\t\t\t<div class=\"elementor-column elementor-col-100 elementor-top-column elementor-element elementor-element-bb41887\" data-id=\"bb41887\" data-element_type=\"column\">\n\t\t\t<div class=\"elementor-column-wrap elementor-element-populated\">\n\t\t\t\t\t\t\t<div class=\"elementor-widget-wrap\">\n\t\t\t\t\t\t<div class=\"elementor-element elementor-element-ab11081 elementor-widget elementor-widget-text-editor\" data-id=\"ab11081\" data-element_type=\"widget\" data-widget_type=\"text-editor.default\">\n\t\t\t\t<div class=\"elementor-widget-container\">\n\t\t\t\t\t\t\t\t<div class=\"elementor-text-editor elementor-clearfix\">\n\t\t\t\t<p>An <a href=\"https:\/\/indico.in2p3.fr\/event\/25986\/\">international MORA workshop<\/a> was held at the University of Jyv\u00e4skyl\u00e4 in May 2022.<\/p>\t\t\t\t\t<\/div>\n\t\t\t\t\t\t<\/div>\n\t\t\t\t<\/div>\n\t\t\t\t\t\t<\/div>\n\t\t\t\t\t<\/div>\n\t\t<\/div>\n\t\t\t\t\t\t\t\t<\/div>\n\t\t\t\t\t<\/div>\n\t\t<\/section>\n\t\t\t\t<section class=\"elementor-section elementor-top-section elementor-element elementor-element-1bcf914 elementor-section-boxed elementor-section-height-default elementor-section-height-default\" data-id=\"1bcf914\" data-element_type=\"section\">\n\t\t\t\t\t\t<div class=\"elementor-container elementor-column-gap-default\">\n\t\t\t\t\t\t\t<div class=\"elementor-row\">\n\t\t\t\t\t<div class=\"elementor-column elementor-col-100 elementor-top-column elementor-element elementor-element-8913da1\" data-id=\"8913da1\" data-element_type=\"column\">\n\t\t\t<div class=\"elementor-column-wrap elementor-element-populated\">\n\t\t\t\t\t\t\t<div class=\"elementor-widget-wrap\">\n\t\t\t\t\t\t<div class=\"elementor-element elementor-element-216ca8b elementor-widget elementor-widget-heading\" data-id=\"216ca8b\" data-element_type=\"widget\" data-widget_type=\"heading.default\">\n\t\t\t\t<div class=\"elementor-widget-container\">\n\t\t\t<h2 class=\"elementor-heading-title elementor-size-default\">Paul trap prototype for dissemination events<\/h2>\t\t<\/div>\n\t\t\t\t<\/div>\n\t\t\t\t\t\t<\/div>\n\t\t\t\t\t<\/div>\n\t\t<\/div>\n\t\t\t\t\t\t\t\t<\/div>\n\t\t\t\t\t<\/div>\n\t\t<\/section>\n\t\t\t\t<section class=\"elementor-section elementor-top-section elementor-element elementor-element-496da57 elementor-section-boxed elementor-section-height-default elementor-section-height-default\" data-id=\"496da57\" data-element_type=\"section\">\n\t\t\t\t\t\t<div class=\"elementor-container elementor-column-gap-default\">\n\t\t\t\t\t\t\t<div class=\"elementor-row\">\n\t\t\t\t\t<div class=\"elementor-column elementor-col-100 elementor-top-column elementor-element elementor-element-e252f13\" data-id=\"e252f13\" data-element_type=\"column\">\n\t\t\t<div class=\"elementor-column-wrap elementor-element-populated\">\n\t\t\t\t\t\t\t<div class=\"elementor-widget-wrap\">\n\t\t\t\t\t\t<div class=\"elementor-element elementor-element-9c2be83 elementor-widget elementor-widget-text-editor\" data-id=\"9c2be83\" data-element_type=\"widget\" data-widget_type=\"text-editor.default\">\n\t\t\t\t<div class=\"elementor-widget-container\">\n\t\t\t\t\t\t\t\t<div class=\"elementor-text-editor elementor-clearfix\">\n\t\t\t\t<p>In the frame of the ANR and R\u00e9gion Normandie project, a Paul trap prototype was built to show the principle of ion trapping used for MORA.\u00a0 Lycopodium spores are trapped between electrodes, as shown on the right picture.This prototype was part of different exhibitions, like <a href=\"https:\/\/www.fetedelascience.fr\/\" target=\"_blank\" rel=\"noopener\">F\u00eate de la Science<\/a> and\u00a0<a href=\"https:\/\/feno.normandie.fr\/\" target=\"_blank\" rel=\"noopener\">FENO<\/a>.<\/p>\t\t\t\t\t<\/div>\n\t\t\t\t\t\t<\/div>\n\t\t\t\t<\/div>\n\t\t\t\t\t\t<\/div>\n\t\t\t\t\t<\/div>\n\t\t<\/div>\n\t\t\t\t\t\t\t\t<\/div>\n\t\t\t\t\t<\/div>\n\t\t<\/section>\n\t\t\t\t<section class=\"elementor-section elementor-top-section elementor-element elementor-element-23eaf2d elementor-section-boxed elementor-section-height-default elementor-section-height-default\" data-id=\"23eaf2d\" data-element_type=\"section\">\n\t\t\t\t\t\t<div class=\"elementor-container elementor-column-gap-default\">\n\t\t\t\t\t\t\t<div class=\"elementor-row\">\n\t\t\t\t\t<div class=\"elementor-column elementor-col-50 elementor-top-column elementor-element elementor-element-f4407f4\" data-id=\"f4407f4\" data-element_type=\"column\">\n\t\t\t<div class=\"elementor-column-wrap elementor-element-populated\">\n\t\t\t\t\t\t\t<div class=\"elementor-widget-wrap\">\n\t\t\t\t\t\t<div class=\"elementor-element elementor-element-7192949 elementor-widget elementor-widget-image\" data-id=\"7192949\" data-element_type=\"widget\" data-widget_type=\"image.default\">\n\t\t\t\t<div class=\"elementor-widget-container\">\n\t\t\t\t\t\t\t\t<div class=\"elementor-image\">\n\t\t\t\t\t\t\t\t\t\t\t\t<img width=\"584\" height=\"329\" src=\"https:\/\/mora.ganil-spiral2.eu\/wp-content\/uploads\/sites\/3\/2025\/01\/trapped_lycopodium-1024x576.jpg\" class=\"attachment-large size-large wp-image-378\" alt=\"\" loading=\"lazy\" srcset=\"https:\/\/mora.ganil-spiral2.eu\/wp-content\/uploads\/sites\/3\/2025\/01\/trapped_lycopodium-1024x576.jpg 1024w, https:\/\/mora.ganil-spiral2.eu\/wp-content\/uploads\/sites\/3\/2025\/01\/trapped_lycopodium-300x169.jpg 300w, https:\/\/mora.ganil-spiral2.eu\/wp-content\/uploads\/sites\/3\/2025\/01\/trapped_lycopodium-768x432.jpg 768w, https:\/\/mora.ganil-spiral2.eu\/wp-content\/uploads\/sites\/3\/2025\/01\/trapped_lycopodium-1536x864.jpg 1536w, https:\/\/mora.ganil-spiral2.eu\/wp-content\/uploads\/sites\/3\/2025\/01\/trapped_lycopodium-2048x1152.jpg 2048w, https:\/\/mora.ganil-spiral2.eu\/wp-content\/uploads\/sites\/3\/2025\/01\/trapped_lycopodium-500x281.jpg 500w\" sizes=\"(max-width: 584px) 100vw, 584px\" \/>\t\t\t\t\t\t\t\t\t\t\t\t\t\t<\/div>\n\t\t\t\t\t\t<\/div>\n\t\t\t\t<\/div>\n\t\t\t\t<div class=\"elementor-element elementor-element-a680dab elementor-widget elementor-widget-text-editor\" data-id=\"a680dab\" data-element_type=\"widget\" data-widget_type=\"text-editor.default\">\n\t\t\t\t<div class=\"elementor-widget-container\">\n\t\t\t\t\t\t\t\t<div class=\"elementor-text-editor elementor-clearfix\">\n\t\t\t\t<p>Paul trap electrodes filled with lycopodium spores.<\/p>\t\t\t\t\t<\/div>\n\t\t\t\t\t\t<\/div>\n\t\t\t\t<\/div>\n\t\t\t\t\t\t<\/div>\n\t\t\t\t\t<\/div>\n\t\t<\/div>\n\t\t\t\t<div class=\"elementor-column elementor-col-50 elementor-top-column elementor-element elementor-element-5fe0a31\" data-id=\"5fe0a31\" data-element_type=\"column\">\n\t\t\t<div class=\"elementor-column-wrap elementor-element-populated\">\n\t\t\t\t\t\t\t<div class=\"elementor-widget-wrap\">\n\t\t\t\t\t\t<div class=\"elementor-element elementor-element-b955172 elementor-widget elementor-widget-image\" data-id=\"b955172\" data-element_type=\"widget\" data-widget_type=\"image.default\">\n\t\t\t\t<div class=\"elementor-widget-container\">\n\t\t\t\t\t\t\t\t<div class=\"elementor-image\">\n\t\t\t\t\t\t\t\t\t\t\t\t<img width=\"576\" height=\"1024\" src=\"https:\/\/mora.ganil-spiral2.eu\/wp-content\/uploads\/sites\/3\/2025\/01\/Paul_trap_proto-576x1024.jpg\" class=\"attachment-large size-large wp-image-379\" alt=\"\" loading=\"lazy\" srcset=\"https:\/\/mora.ganil-spiral2.eu\/wp-content\/uploads\/sites\/3\/2025\/01\/Paul_trap_proto-576x1024.jpg 576w, https:\/\/mora.ganil-spiral2.eu\/wp-content\/uploads\/sites\/3\/2025\/01\/Paul_trap_proto-169x300.jpg 169w, https:\/\/mora.ganil-spiral2.eu\/wp-content\/uploads\/sites\/3\/2025\/01\/Paul_trap_proto-768x1365.jpg 768w, https:\/\/mora.ganil-spiral2.eu\/wp-content\/uploads\/sites\/3\/2025\/01\/Paul_trap_proto-864x1536.jpg 864w, https:\/\/mora.ganil-spiral2.eu\/wp-content\/uploads\/sites\/3\/2025\/01\/Paul_trap_proto-1152x2048.jpg 1152w, https:\/\/mora.ganil-spiral2.eu\/wp-content\/uploads\/sites\/3\/2025\/01\/Paul_trap_proto-scaled.jpg 1440w\" sizes=\"(max-width: 576px) 100vw, 576px\" \/>\t\t\t\t\t\t\t\t\t\t\t\t\t\t<\/div>\n\t\t\t\t\t\t<\/div>\n\t\t\t\t<\/div>\n\t\t\t\t<div class=\"elementor-element elementor-element-e96b0f9 elementor-widget elementor-widget-text-editor\" data-id=\"e96b0f9\" data-element_type=\"widget\" data-widget_type=\"text-editor.default\">\n\t\t\t\t<div class=\"elementor-widget-container\">\n\t\t\t\t\t\t\t\t<div class=\"elementor-text-editor elementor-clearfix\">\n\t\t\t\t<p>The Paul trap setup on wheels<\/p>\t\t\t\t\t<\/div>\n\t\t\t\t\t\t<\/div>\n\t\t\t\t<\/div>\n\t\t\t\t\t\t<\/div>\n\t\t\t\t\t<\/div>\n\t\t<\/div>\n\t\t\t\t\t\t\t\t<\/div>\n\t\t\t\t\t<\/div>\n\t\t<\/section>\n\t\t\t\t\t\t\t\t\t<\/div>\n\t\t\t<\/div>\n\t\t\t\t\t<\/div>\n\t\t","protected":false},"excerpt":{"rendered":"<p>International MORA workshop An international MORA workshop was held at the University of Jyv\u00e4skyl\u00e4 in May 2022. Paul trap prototype for dissemination events In the frame of the ANR and R\u00e9gion Normandie project, a Paul trap prototype was built to &hellip; <a href=\"https:\/\/mora.ganil-spiral2.eu\/?page_id=27\">Continue reading <span class=\"meta-nav\">&rarr;<\/span><\/a><\/p>\n","protected":false},"author":1,"featured_media":0,"parent":0,"menu_order":0,"comment_status":"closed","ping_status":"closed","template":"","meta":[],"_links":{"self":[{"href":"https:\/\/mora.ganil-spiral2.eu\/index.php?rest_route=\/wp\/v2\/pages\/27"}],"collection":[{"href":"https:\/\/mora.ganil-spiral2.eu\/index.php?rest_route=\/wp\/v2\/pages"}],"about":[{"href":"https:\/\/mora.ganil-spiral2.eu\/index.php?rest_route=\/wp\/v2\/types\/page"}],"author":[{"embeddable":true,"href":"https:\/\/mora.ganil-spiral2.eu\/index.php?rest_route=\/wp\/v2\/users\/1"}],"replies":[{"embeddable":true,"href":"https:\/\/mora.ganil-spiral2.eu\/index.php?rest_route=%2Fwp%2Fv2%2Fcomments&post=27"}],"version-history":[{"count":16,"href":"https:\/\/mora.ganil-spiral2.eu\/index.php?rest_route=\/wp\/v2\/pages\/27\/revisions"}],"predecessor-version":[{"id":385,"href":"https:\/\/mora.ganil-spiral2.eu\/index.php?rest_route=\/wp\/v2\/pages\/27\/revisions\/385"}],"wp:attachment":[{"href":"https:\/\/mora.ganil-spiral2.eu\/index.php?rest_route=%2Fwp%2Fv2%2Fmedia&parent=27"}],"curies":[{"name":"wp","href":"https:\/\/api.w.org\/{rel}","templated":true}]}}